{"id":1954,"date":"2023-11-21T22:09:59","date_gmt":"2023-11-21T22:09:59","guid":{"rendered":"https:\/\/iptvwell.com\/demo1\/?page_id=1954"},"modified":"2023-11-21T22:11:12","modified_gmt":"2023-11-21T22:11:12","slug":"dcma","status":"publish","type":"page","link":"https:\/\/iptvwell.com\/demo1\/dcma\/","title":{"rendered":"Dcma"},"content":{"rendered":"\t\t<div data-elementor-type=\"wp-page\" data-elementor-id=\"1954\" class=\"elementor elementor-1954\" data-elementor-post-type=\"page\">\n\t\t\t\t<div class=\"elementor-element elementor-element-3133c8e3 e-con-full e-flex e-con e-parent\" data-id=\"3133c8e3\" data-element_type=\"container\" data-settings=\"{&quot;ekit_section_parallax_bg&quot;:&quot;yes&quot;,&quot;shape_divider_bottom&quot;:&quot;mountains&quot;,&quot;background_background&quot;:&quot;classic&quot;,&quot;ekit_section_parallax_bg_speed&quot;:0.5,&quot;ekit_has_onepagescroll_dot&quot;:&quot;yes&quot;}\">\n\t\t\t\t<div class=\"elementor-shape elementor-shape-bottom\" data-negative=\"false\">\n\t\t\t<svg xmlns=\"http:\/\/www.w3.org\/2000\/svg\" viewBox=\"0 0 1000 100\" preserveAspectRatio=\"none\">\n\t<path class=\"elementor-shape-fill\" opacity=\"0.33\" d=\"M473,67.3c-203.9,88.3-263.1-34-320.3,0C66,119.1,0,59.7,0,59.7V0h1000v59.7 c0,0-62.1,26.1-94.9,29.3c-32.8,3.3-62.8-12.3-75.8-22.1C806,49.6,745.3,8.7,694.9,4.7S492.4,59,473,67.3z\"\/>\n\t<path class=\"elementor-shape-fill\" opacity=\"0.66\" d=\"M734,67.3c-45.5,0-77.2-23.2-129.1-39.1c-28.6-8.7-150.3-10.1-254,39.1 s-91.7-34.4-149.2,0C115.7,118.3,0,39.8,0,39.8V0h1000v36.5c0,0-28.2-18.5-92.1-18.5C810.2,18.1,775.7,67.3,734,67.3z\"\/>\n\t<path class=\"elementor-shape-fill\" d=\"M766.1,28.9c-200-57.5-266,65.5-395.1,19.5C242,1.8,242,5.4,184.8,20.6C128,35.8,132.3,44.9,89.9,52.5C28.6,63.7,0,0,0,0 h1000c0,0-9.9,40.9-83.6,48.1S829.6,47,766.1,28.9z\"\/>\n<\/svg>\t\t<\/div>\n\t\t\t\t<div class=\"elementor-element elementor-element-746ebe32 elementor-widget elementor-widget-elementskit-heading\" data-id=\"746ebe32\" data-element_type=\"widget\" data-settings=\"{&quot;ekit_we_effect_on&quot;:&quot;none&quot;}\" data-widget_type=\"elementskit-heading.default\">\n\t\t\t\t<div class=\"elementor-widget-container\">\n\t\t\t\t\t<div class=\"ekit-wid-con\" ><div class=\"ekit-heading elementskit-section-title-wraper text_center   ekit_heading_tablet-   ekit_heading_mobile-\"><h2 class=\"ekit-heading--title elementskit-section-title \">DCMA<\/h2><div class=\"ekit_heading_separetor_wraper ekit_heading_elementskit-border-divider\"><div class=\"elementskit-border-divider\"><\/div><\/div><\/div><\/div>\t\t\t\t<\/div>\n\t\t\t\t<\/div>\n\t\t\t\t<\/div>\n\t\t<div class=\"elementor-element elementor-element-42c95004 e-flex e-con-boxed e-con e-parent\" data-id=\"42c95004\" data-element_type=\"container\" data-settings=\"{&quot;ekit_has_onepagescroll_dot&quot;:&quot;yes&quot;}\">\n\t\t\t\t\t<div class=\"e-con-inner\">\n\t\t\t\t<div class=\"elementor-element elementor-element-14dc79e3 elementor-widget elementor-widget-text-editor\" data-id=\"14dc79e3\" data-element_type=\"widget\" data-settings=\"{&quot;ekit_we_effect_on&quot;:&quot;none&quot;}\" data-widget_type=\"text-editor.default\">\n\t\t\t\t<div class=\"elementor-widget-container\">\n\t\t\t\t\t\t\t\t\t<p>IPTVLOYAL DOES NOT broadcast any TV channel from its servers, nor is in any way connected with the channel broadcasting. IPTVLOYAL is not responsible for any copyright or issues of linked and embedded content on our site. If you have any legal issues contact the real owner of streaming media.<\/p><p>IPTVLOYAL est un fournisseur de services en ligne tel que d\u00e9fini dans la Digital Millennium Copyright Act (Loi sur le droit d\u2019auteur du mill\u00e9naire num\u00e9rique). Nous fournissons aux d\u00e9tenteurs l\u00e9gaux de droits d\u2019auteur la capacit\u00e9 de s\u2019auto-publier sur Internet en recherchant, en int\u00e9grant et en affichant (PAS EN DIFFUSANT!) divers types de m\u00e9dias. Nous prenons tr\u00e8s au s\u00e9rieux les violations du droit d\u2019auteur et prot\u00e9gerons vigoureusement les droits des d\u00e9tenteurs l\u00e9gaux de droits d\u2019auteur.<\/p><p>Si vous \u00eates le d\u00e9tenteur des droits d\u2019auteur d\u2019un contenu qui appara\u00eet sur le site web ou le service de IPTVLOYAL et que vous n\u2019avez pas autoris\u00e9 l\u2019utilisation de ce contenu, vous devez nous en informer par \u00e9crit afin que nous puissions identifier le contenu pr\u00e9tendument contrefait et prendre des mesures. Pour faciliter le processus, contactez-nous pour le lien du site web qui est le v\u00e9ritable propri\u00e9taire de la vid\u00e9o. Nous ne pourrons pas agir si vous ne nous fournissez pas les informations requises, alors veuillez \u00e9crire l\u2019URL (lien) des fichiers sp\u00e9cifiques. Votre avis \u00e9crit doit inclure ce qui suit:<\/p><p>Identification sp\u00e9cifique de l\u2019\u0153uvre prot\u00e9g\u00e9e par le droit d\u2019auteur que vous pr\u00e9tendez avoir \u00e9t\u00e9 viol\u00e9e. Si vous all\u00e9guez une contrefa\u00e7on de plusieurs \u0153uvres prot\u00e9g\u00e9es par le droit d\u2019auteur avec une seule notification, vous devez soumettre une liste repr\u00e9sentative qui identifie sp\u00e9cifiquement chacune des \u0153uvres que vous pr\u00e9tendez \u00eatre contrefaites.<\/p><p>Identification sp\u00e9cifique de l\u2019emplacement et description du mat\u00e9riel qui est pr\u00e9tendu contrefait ou qui fait l\u2019objet d\u2019une activit\u00e9 de contrefa\u00e7on, avec suffisamment d\u2019informations d\u00e9taill\u00e9es pour nous permettre de localiser le mat\u00e9riel. Vous devez inclure l\u2019URL ou les URL sp\u00e9cifiques des pages web o\u00f9 se trouve le mat\u00e9riel pr\u00e9tendument contrefait.<\/p><p>Informations suffisamment pr\u00e9cises pour nous permettre de contacter la partie plaignante, qui peuvent inclure un nom, une adresse, un num\u00e9ro de t\u00e9l\u00e9phone et une adresse e-mail o\u00f9 la partie plaignante peut \u00eatre contact\u00e9e.<\/p><p>Une d\u00e9claration indiquant que la partie plaignante estime de bonne foi que l\u2019utilisation du mat\u00e9riel de la mani\u00e8re d\u00e9nonc\u00e9e n\u2019est pas autoris\u00e9e par le propri\u00e9taire du droit d\u2019auteur, son agent ou la loi. Une d\u00e9claration indiquant que les informations contenues dans la notification sont exactes, et sous peine de parjure, que la partie plaignante est autoris\u00e9e \u00e0 agir au nom du titulaire d\u2019un droit exclusif qui est pr\u00e9tendument viol\u00e9.<\/p><p>Contact DMCA<\/p><p>IPTVLOYAL E-mail :\u00a0<a href=\"mailto:support@iptvloyal.com\" data-type=\"mailto\" data-id=\"mailto:support@iptvloyal.com\">support@demo1.iptvwell.com<\/a>\u00a0Veuillez \u00e9galement noter qu\u2019en vertu de la loi applicable, (f), toute personne qui d\u00e9clare sciemment et de mani\u00e8re erron\u00e9e qu\u2019un mat\u00e9riel ou une activit\u00e9 est contrefait peut \u00eatre passible de sanctions.<\/p><p>(Note: The \u201c(f)\u201d seems to refer to a specific provision or section of a law. Ensure it makes sense in the French context or provide more context about what \u201c(f)\u201d refers to.)<\/p>\t\t\t\t\t\t\t\t<\/div>\n\t\t\t\t<\/div>\n\t\t\t\t\t<\/div>\n\t\t\t\t<\/div>\n\t\t<div class=\"elementor-element elementor-element-31a1c7e2 e-flex e-con-boxed e-con e-parent\" data-id=\"31a1c7e2\" data-element_type=\"container\" data-settings=\"{&quot;background_background&quot;:&quot;classic&quot;,&quot;ekit_has_onepagescroll_dot&quot;:&quot;yes&quot;}\">\n\t\t\t\t\t<div class=\"e-con-inner\">\n\t\t<div class=\"elementor-element elementor-element-7fcef4a8 e-con-full e-flex e-con e-child\" data-id=\"7fcef4a8\" data-element_type=\"container\" data-settings=\"{&quot;ekit_has_onepagescroll_dot&quot;:&quot;yes&quot;}\">\n\t\t\t\t<div class=\"elementor-element elementor-element-f3bb50c elementor-invisible elementor-widget elementor-widget-elementskit-heading\" data-id=\"f3bb50c\" data-element_type=\"widget\" data-settings=\"{&quot;_animation&quot;:&quot;fadeInLeft&quot;,&quot;ekit_we_effect_on&quot;:&quot;none&quot;}\" data-widget_type=\"elementskit-heading.default\">\n\t\t\t\t<div class=\"elementor-widget-container\">\n\t\t\t\t\t<div class=\"ekit-wid-con\" ><div class=\"ekit-heading elementskit-section-title-wraper text_left   ekit_heading_tablet-text_center   ekit_heading_mobile-text_center\"><h2 class=\"ekit-heading--title elementskit-section-title \">Touch the success! <br> Get your subscription <\/h2><\/div><\/div>\t\t\t\t<\/div>\n\t\t\t\t<\/div>\n\t\t\t\t<\/div>\n\t\t<div class=\"elementor-element elementor-element-51350d9d e-con-full e-flex e-con e-child\" data-id=\"51350d9d\" data-element_type=\"container\" data-settings=\"{&quot;ekit_has_onepagescroll_dot&quot;:&quot;yes&quot;}\">\n\t\t\t\t<div class=\"elementor-element elementor-element-1922d95a elementor-invisible elementor-widget elementor-widget-elementskit-creative-button\" data-id=\"1922d95a\" data-element_type=\"widget\" data-settings=\"{&quot;_animation&quot;:&quot;shake&quot;,&quot;ekit_we_effect_on&quot;:&quot;none&quot;}\" data-widget_type=\"elementskit-creative-button.default\">\n\t\t\t\t<div class=\"elementor-widget-container\">\n\t\t\t\t\t<div class=\"ekit-wid-con\" >\t\t<div class=\"ekit-btn-wraper\">\n\t\t\t\t\t\t\t\t<a href=\"https:\/\/iptvwell.com\/demo1\/pricing\/\" data-text=\"\" class=\"ekit_creative_button ekit_slide_bg ekit_slide_text_left ekit_slide_icon \" >\n\n\t\t\t\t\t\t\t\t\t\t\t\t\t\t\t\t\t\t\t\n\t\t\t\t\t\t<span class=\"ekit_creative_button_text\">Get Your Flexible Plan<\/span>\n\n\t\t\t\t\t\t\n\t\t\t\t\t\t\t\t\t\t\t<\/a>\n\t\t\t\t\t\t<\/div>\n        <\/div>\t\t\t\t<\/div>\n\t\t\t\t<\/div>\n\t\t\t\t<\/div>\n\t\t\t\t\t<\/div>\n\t\t\t\t<\/div>\n\t\t<div class=\"elementor-element elementor-element-7810e5e0 e-flex e-con-boxed e-con e-parent\" data-id=\"7810e5e0\" data-element_type=\"container\" data-settings=\"{&quot;background_background&quot;:&quot;classic&quot;,&quot;ekit_has_onepagescroll_dot&quot;:&quot;yes&quot;}\">\n\t\t\t\t\t<div class=\"e-con-inner\">\n\t\t\t\t<div class=\"elementor-element elementor-element-5c7c4118 elementor-widget elementor-widget-elementskit-heading\" data-id=\"5c7c4118\" data-element_type=\"widget\" data-settings=\"{&quot;ekit_we_effect_on&quot;:&quot;none&quot;}\" data-widget_type=\"elementskit-heading.default\">\n\t\t\t\t<div class=\"elementor-widget-container\">\n\t\t\t\t\t<div class=\"ekit-wid-con\" ><div class=\"ekit-heading elementskit-section-title-wraper text_left   ekit_heading_tablet-   ekit_heading_mobile-text_center\"><h2 class=\"ekit-heading--title elementskit-section-title \">Over <span>3,200+ client<\/span> all over the world.<\/h2><\/div><\/div>\t\t\t\t<\/div>\n\t\t\t\t<\/div>\n\t\t\t\t\t<\/div>\n\t\t\t\t<\/div>\n\t\t\t\t<\/div>\n\t\t","protected":false},"excerpt":{"rendered":"<p>DCMA IPTVLOYAL DOES NOT broadcast any TV channel from its servers, nor is in any way connected with the channel broadcasting. IPTVLOYAL is not responsible for any copyright or issues of linked and embedded content on our site. If you have any legal issues contact the real owner of streaming media. IPTVLOYAL est un fournisseur [&hellip;]<\/p>\n","protected":false},"author":1,"featured_media":0,"parent":0,"menu_order":0,"comment_status":"closed","ping_status":"closed","template":"","meta":{"_joinchat":[],"footnotes":""},"class_list":["post-1954","page","type-page","status-publish","hentry"],"_links":{"self":[{"href":"https:\/\/iptvwell.com\/demo1\/wp-json\/wp\/v2\/pages\/1954","targetHints":{"allow":["GET"]}}],"collection":[{"href":"https:\/\/iptvwell.com\/demo1\/wp-json\/wp\/v2\/pages"}],"about":[{"href":"https:\/\/iptvwell.com\/demo1\/wp-json\/wp\/v2\/types\/page"}],"author":[{"embeddable":true,"href":"https:\/\/iptvwell.com\/demo1\/wp-json\/wp\/v2\/users\/1"}],"replies":[{"embeddable":true,"href":"https:\/\/iptvwell.com\/demo1\/wp-json\/wp\/v2\/comments?post=1954"}],"version-history":[{"count":4,"href":"https:\/\/iptvwell.com\/demo1\/wp-json\/wp\/v2\/pages\/1954\/revisions"}],"predecessor-version":[{"id":1958,"href":"https:\/\/iptvwell.com\/demo1\/wp-json\/wp\/v2\/pages\/1954\/revisions\/1958"}],"wp:attachment":[{"href":"https:\/\/iptvwell.com\/demo1\/wp-json\/wp\/v2\/media?parent=1954"}],"curies":[{"name":"wp","href":"https:\/\/api.w.org\/{rel}","templated":true}]}}